{"id":9,"date":"2024-03-10T18:31:46","date_gmt":"2024-03-10T17:31:46","guid":{"rendered":"https:\/\/gastronef.fr\/?page_id=3"},"modified":"2024-04-01T10:51:56","modified_gmt":"2024-04-01T08:51:56","slug":"mentions-legales","status":"publish","type":"page","link":"https:\/\/gastronef.fr\/index.php\/mentions-legales\/","title":{"rendered":"Mentions l\u00e9gales"},"content":{"rendered":"\t\t<div data-elementor-type=\"wp-page\" data-elementor-id=\"9\" class=\"elementor elementor-9\" data-elementor-post-type=\"page\">\n\t\t\t\t\t\t<section class=\"elementor-section elementor-top-section elementor-element elementor-element-55f36004 elementor-section-height-full elementor-section-boxed elementor-section-height-default elementor-section-items-middle\" data-id=\"55f36004\" data-element_type=\"section\">\n\t\t\t\t\t\t<div class=\"elementor-container elementor-column-gap-default\">\n\t\t\t\t\t<div class=\"elementor-column elementor-col-100 elementor-top-column elementor-element elementor-element-6cfa777d\" data-id=\"6cfa777d\" data-element_type=\"column\">\n\t\t\t<div class=\"elementor-widget-wrap elementor-element-populated\">\n\t\t\t\t\t\t<div class=\"elementor-element elementor-element-5ee6966a elementor-widget elementor-widget-text-editor\" data-id=\"5ee6966a\" data-element_type=\"widget\" data-widget_type=\"text-editor.default\">\n\t\t\t\t<div class=\"elementor-widget-container\">\n\t\t\t<style>\/*! elementor - v3.20.0 - 13-03-2024 *\/\n.elementor-widget-text-editor.elementor-drop-cap-view-stacked .elementor-drop-cap{background-color:#69727d;color:#fff}.elementor-widget-text-editor.elementor-drop-cap-view-framed .elementor-drop-cap{color:#69727d;border:3px solid;background-color:transparent}.elementor-widget-text-editor:not(.elementor-drop-cap-view-default) .elementor-drop-cap{margin-top:8px}.elementor-widget-text-editor:not(.elementor-drop-cap-view-default) .elementor-drop-cap-letter{width:1em;height:1em}.elementor-widget-text-editor .elementor-drop-cap{float:left;text-align:center;line-height:1;font-size:50px}.elementor-widget-text-editor .elementor-drop-cap-letter{display:inline-block}<\/style>\t\t\t\t<!-- wp:heading -->\n<h2>Mentions l\u00e9gales<\/h2>\n<p>Conform\u00e9ment aux dispositions des articles 6-III et 19 de la Loi n\u00b0 2004-575 du 21 juin 2004 pour la Confiance dans l\u2019\u00e9conomie num\u00e9rique, dite L.C.E.N., nous portons \u00e0 la connaissance des utilisateurs et visiteurs du site : gastronef.fr les informations suivantes :<\/p>\n<p><strong>\u00c9DITEUR<\/strong><br \/>Le site www.gastronef.fr est la propri\u00e9t\u00e9 exclusive de la soci\u00e9t\u00e9 GASTRONEF.<\/p>\n<p>SARL Unipersonnelle GASTRONEF : num\u00e9ro SIRET \u2013 49776123900027<br \/>Num\u00e9ro\u00a0RCS : La Rochelle B 497 761 239<\/p>\n<p>Coordonn\u00e9es de contact : 06 37 05 99 94<\/p>\n<p>Email : bonjour@gastronef.fr<\/p>\n<p>Directeur de la publication : Vincent Vial \u2013 bonjour@gastronef.fr<\/p>\n<p>DPO : Aur\u00e9lien Dazy \u2013aurelien.dazy@mailgreen.fr<\/p>\n<p><strong>H\u00c9BERGEUR<\/strong><br \/>Le site est h\u00e9berg\u00e9 par apacher.eu, situ\u00e9 au 3 rue de Lauzi\u00e8res, 17137, Nieul sur Mer.<\/p>\n<!-- \/wp:paragraph -->\t\t\t\t\t\t<\/div>\n\t\t\t\t<\/div>\n\t\t\t\t\t<\/div>\n\t\t<\/div>\n\t\t\t\t\t<\/div>\n\t\t<\/section>\n\t\t\t\t<\/div>\n\t\t","protected":false},"excerpt":{"rendered":"<p>Mentions l\u00e9gales Conform\u00e9ment aux dispositions des articles 6-III et 19 de la Loi n\u00b0 2004-575 du 21 juin 2004 pour la Confiance dans l\u2019\u00e9conomie num\u00e9rique, dite L.C.E.N., nous portons \u00e0 la connaissance des utilisateurs et visiteurs du site : gastronef.fr les informations suivantes : \u00c9DITEURLe site www.gastronef.fr est la propri\u00e9t\u00e9 exclusive de la soci\u00e9t\u00e9 GASTRONEF. [&hellip;]<\/p>\n","protected":false},"author":3,"featured_media":0,"parent":0,"menu_order":0,"comment_status":"closed","ping_status":"open","template":"","meta":{"footnotes":""},"class_list":["post-9","page","type-page","status-publish","hentry"],"yoast_head":"<!-- This site is optimized with the Yoast SEO plugin v22.4 - https:\/\/yoast.com\/wordpress\/plugins\/seo\/ -->\n<title>Mentions l\u00e9gales - Gastronef : traiteur cinema exterieur, fran\u00e7ais, restaurant, cantine cinema, restaurant ambulant<\/title>\n<meta name=\"robots\" content=\"index, follow, max-snippet:-1, max-image-preview:large, max-video-preview:-1\" \/>\n<link rel=\"canonical\" href=\"https:\/\/gastronef.fr\/index.php\/mentions-legales\/\" \/>\n<meta property=\"og:locale\" content=\"fr_FR\" \/>\n<meta property=\"og:type\" content=\"article\" \/>\n<meta property=\"og:title\" content=\"Mentions l\u00e9gales - Gastronef : traiteur cinema exterieur, fran\u00e7ais, restaurant, cantine cinema, restaurant ambulant\" \/>\n<meta property=\"og:description\" content=\"Mentions l\u00e9gales Conform\u00e9ment aux dispositions des articles 6-III et 19 de la Loi n\u00b0 2004-575 du 21 juin 2004 pour la Confiance dans l\u2019\u00e9conomie num\u00e9rique, dite L.C.E.N., nous portons \u00e0 la connaissance des utilisateurs et visiteurs du site : gastronef.fr les informations suivantes : \u00c9DITEURLe site www.gastronef.fr est la propri\u00e9t\u00e9 exclusive de la soci\u00e9t\u00e9 GASTRONEF. [&hellip;]\" \/>\n<meta property=\"og:url\" content=\"https:\/\/gastronef.fr\/index.php\/mentions-legales\/\" \/>\n<meta property=\"og:site_name\" content=\"Gastronef : traiteur cinema exterieur, fran\u00e7ais, restaurant, cantine cinema, restaurant ambulant\" \/>\n<meta property=\"article:modified_time\" content=\"2024-04-01T08:51:56+00:00\" \/>\n<meta name=\"twitter:card\" content=\"summary_large_image\" \/>\n<meta name=\"twitter:label1\" content=\"Dur\u00e9e de lecture estim\u00e9e\" \/>\n\t<meta name=\"twitter:data1\" content=\"1 minute\" \/>\n<script type=\"application\/ld+json\" class=\"yoast-schema-graph\">{\"@context\":\"https:\/\/schema.org\",\"@graph\":[{\"@type\":\"WebPage\",\"@id\":\"https:\/\/gastronef.fr\/index.php\/mentions-legales\/\",\"url\":\"https:\/\/gastronef.fr\/index.php\/mentions-legales\/\",\"name\":\"Mentions l\u00e9gales - Gastronef : traiteur cinema exterieur, fran\u00e7ais, restaurant, cantine cinema, restaurant ambulant\",\"isPartOf\":{\"@id\":\"https:\/\/gastronef.fr\/#website\"},\"datePublished\":\"2024-03-10T17:31:46+00:00\",\"dateModified\":\"2024-04-01T08:51:56+00:00\",\"breadcrumb\":{\"@id\":\"https:\/\/gastronef.fr\/index.php\/mentions-legales\/#breadcrumb\"},\"inLanguage\":\"fr-FR\",\"potentialAction\":[{\"@type\":\"ReadAction\",\"target\":[\"https:\/\/gastronef.fr\/index.php\/mentions-legales\/\"]}]},{\"@type\":\"BreadcrumbList\",\"@id\":\"https:\/\/gastronef.fr\/index.php\/mentions-legales\/#breadcrumb\",\"itemListElement\":[{\"@type\":\"ListItem\",\"position\":1,\"name\":\"Accueil\",\"item\":\"https:\/\/gastronef.fr\/\"},{\"@type\":\"ListItem\",\"position\":2,\"name\":\"Mentions l\u00e9gales\"}]},{\"@type\":\"WebSite\",\"@id\":\"https:\/\/gastronef.fr\/#website\",\"url\":\"https:\/\/gastronef.fr\/\",\"name\":\"Gastronef : traiteur cinema exterieur, fran\u00e7ais, restaurant, cantine cinema, restaurant ambulant\",\"description\":\"\",\"publisher\":{\"@id\":\"https:\/\/gastronef.fr\/#organization\"},\"potentialAction\":[{\"@type\":\"SearchAction\",\"target\":{\"@type\":\"EntryPoint\",\"urlTemplate\":\"https:\/\/gastronef.fr\/?s={search_term_string}\"},\"query-input\":\"required name=search_term_string\"}],\"inLanguage\":\"fr-FR\"},{\"@type\":\"Organization\",\"@id\":\"https:\/\/gastronef.fr\/#organization\",\"name\":\"Gastronef : traiteur cinema exterieur, fran\u00e7ais, restaurant, cantine cinema, restaurant ambulant\",\"url\":\"https:\/\/gastronef.fr\/\",\"logo\":{\"@type\":\"ImageObject\",\"inLanguage\":\"fr-FR\",\"@id\":\"https:\/\/gastronef.fr\/#\/schema\/logo\/image\/\",\"url\":\"https:\/\/gastronef.fr\/wp-content\/uploads\/2024\/03\/LOGO-sans-fond-modified.png\",\"contentUrl\":\"https:\/\/gastronef.fr\/wp-content\/uploads\/2024\/03\/LOGO-sans-fond-modified.png\",\"width\":3116,\"height\":1280,\"caption\":\"Gastronef : traiteur cinema exterieur, fran\u00e7ais, restaurant, cantine cinema, restaurant ambulant\"},\"image\":{\"@id\":\"https:\/\/gastronef.fr\/#\/schema\/logo\/image\/\"}}]}<\/script>\n<!-- \/ Yoast SEO plugin. -->","yoast_head_json":{"title":"Mentions l\u00e9gales - Gastronef : traiteur cinema exterieur, fran\u00e7ais, restaurant, cantine cinema, restaurant ambulant","robots":{"index":"index","follow":"follow","max-snippet":"max-snippet:-1","max-image-preview":"max-image-preview:large","max-video-preview":"max-video-preview:-1"},"canonical":"https:\/\/gastronef.fr\/index.php\/mentions-legales\/","og_locale":"fr_FR","og_type":"article","og_title":"Mentions l\u00e9gales - Gastronef : traiteur cinema exterieur, fran\u00e7ais, restaurant, cantine cinema, restaurant ambulant","og_description":"Mentions l\u00e9gales Conform\u00e9ment aux dispositions des articles 6-III et 19 de la Loi n\u00b0 2004-575 du 21 juin 2004 pour la Confiance dans l\u2019\u00e9conomie num\u00e9rique, dite L.C.E.N., nous portons \u00e0 la connaissance des utilisateurs et visiteurs du site : gastronef.fr les informations suivantes : \u00c9DITEURLe site www.gastronef.fr est la propri\u00e9t\u00e9 exclusive de la soci\u00e9t\u00e9 GASTRONEF. [&hellip;]","og_url":"https:\/\/gastronef.fr\/index.php\/mentions-legales\/","og_site_name":"Gastronef : traiteur cinema exterieur, fran\u00e7ais, restaurant, cantine cinema, restaurant ambulant","article_modified_time":"2024-04-01T08:51:56+00:00","twitter_card":"summary_large_image","twitter_misc":{"Dur\u00e9e de lecture estim\u00e9e":"1 minute"},"schema":{"@context":"https:\/\/schema.org","@graph":[{"@type":"WebPage","@id":"https:\/\/gastronef.fr\/index.php\/mentions-legales\/","url":"https:\/\/gastronef.fr\/index.php\/mentions-legales\/","name":"Mentions l\u00e9gales - Gastronef : traiteur cinema exterieur, fran\u00e7ais, restaurant, cantine cinema, restaurant ambulant","isPartOf":{"@id":"https:\/\/gastronef.fr\/#website"},"datePublished":"2024-03-10T17:31:46+00:00","dateModified":"2024-04-01T08:51:56+00:00","breadcrumb":{"@id":"https:\/\/gastronef.fr\/index.php\/mentions-legales\/#breadcrumb"},"inLanguage":"fr-FR","potentialAction":[{"@type":"ReadAction","target":["https:\/\/gastronef.fr\/index.php\/mentions-legales\/"]}]},{"@type":"BreadcrumbList","@id":"https:\/\/gastronef.fr\/index.php\/mentions-legales\/#breadcrumb","itemListElement":[{"@type":"ListItem","position":1,"name":"Accueil","item":"https:\/\/gastronef.fr\/"},{"@type":"ListItem","position":2,"name":"Mentions l\u00e9gales"}]},{"@type":"WebSite","@id":"https:\/\/gastronef.fr\/#website","url":"https:\/\/gastronef.fr\/","name":"Gastronef : traiteur cinema exterieur, fran\u00e7ais, restaurant, cantine cinema, restaurant ambulant","description":"","publisher":{"@id":"https:\/\/gastronef.fr\/#organization"},"potentialAction":[{"@type":"SearchAction","target":{"@type":"EntryPoint","urlTemplate":"https:\/\/gastronef.fr\/?s={search_term_string}"},"query-input":"required name=search_term_string"}],"inLanguage":"fr-FR"},{"@type":"Organization","@id":"https:\/\/gastronef.fr\/#organization","name":"Gastronef : traiteur cinema exterieur, fran\u00e7ais, restaurant, cantine cinema, restaurant ambulant","url":"https:\/\/gastronef.fr\/","logo":{"@type":"ImageObject","inLanguage":"fr-FR","@id":"https:\/\/gastronef.fr\/#\/schema\/logo\/image\/","url":"https:\/\/gastronef.fr\/wp-content\/uploads\/2024\/03\/LOGO-sans-fond-modified.png","contentUrl":"https:\/\/gastronef.fr\/wp-content\/uploads\/2024\/03\/LOGO-sans-fond-modified.png","width":3116,"height":1280,"caption":"Gastronef : traiteur cinema exterieur, fran\u00e7ais, restaurant, cantine cinema, restaurant ambulant"},"image":{"@id":"https:\/\/gastronef.fr\/#\/schema\/logo\/image\/"}}]}},"_links":{"self":[{"href":"https:\/\/gastronef.fr\/index.php\/wp-json\/wp\/v2\/pages\/9","targetHints":{"allow":["GET"]}}],"collection":[{"href":"https:\/\/gastronef.fr\/index.php\/wp-json\/wp\/v2\/pages"}],"about":[{"href":"https:\/\/gastronef.fr\/index.php\/wp-json\/wp\/v2\/types\/page"}],"author":[{"embeddable":true,"href":"https:\/\/gastronef.fr\/index.php\/wp-json\/wp\/v2\/users\/3"}],"replies":[{"embeddable":true,"href":"https:\/\/gastronef.fr\/index.php\/wp-json\/wp\/v2\/comments?post=9"}],"version-history":[{"count":25,"href":"https:\/\/gastronef.fr\/index.php\/wp-json\/wp\/v2\/pages\/9\/revisions"}],"predecessor-version":[{"id":2530,"href":"https:\/\/gastronef.fr\/index.php\/wp-json\/wp\/v2\/pages\/9\/revisions\/2530"}],"wp:attachment":[{"href":"https:\/\/gastronef.fr\/index.php\/wp-json\/wp\/v2\/media?parent=9"}],"curies":[{"name":"wp","href":"https:\/\/api.w.org\/{rel}","templated":true}]}}